{"id":15,"date":"2026-04-28T15:39:52","date_gmt":"2026-04-28T15:39:52","guid":{"rendered":"https:\/\/lena-marciniak.pl\/?page_id=15"},"modified":"2026-04-28T17:14:55","modified_gmt":"2026-04-28T17:14:55","slug":"strona-glowna","status":"publish","type":"page","link":"https:\/\/lena-marciniak.pl\/","title":{"rendered":"Strona g\u0142\u00f3wna"},"content":{"rendered":"\n<div class=\"wp-block-cover alignfull is-light\" style=\"min-height:600px;aspect-ratio:unset;\"><span aria-hidden=\"true\" class=\"wp-block-cover__background has-background-dim-100 has-background-dim\" style=\"background-color:#f7f4ec\"><\/span><div class=\"wp-block-cover__inner-container has-global-padding is-layout-constrained wp-block-cover-is-layout-constrained\">\n<figure class=\"wp-block-image aligncenter size-full\"><img loading=\"lazy\" decoding=\"async\" width=\"365\" height=\"54\" src=\"https:\/\/lena-marciniak.pl\/wp-content\/uploads\/2026\/04\/logotype.webp\" alt=\"\" class=\"wp-image-19\" srcset=\"https:\/\/lena-marciniak.pl\/wp-content\/uploads\/2026\/04\/logotype.webp 365w, https:\/\/lena-marciniak.pl\/wp-content\/uploads\/2026\/04\/logotype-300x44.webp 300w\" sizes=\"auto, (max-width: 365px) 100vw, 365px\" \/><\/figure>\n\n\n\n<p class=\"has-text-align-center has-text-color has-link-color has-small-font-size wp-elements-e9b525d91c1258ee93f754b4cdb8e5d1\" style=\"color:#2f5668;letter-spacing:0.1em\">Zapraszam Ci\u0119 do bezpiecznej, pe\u0142nej szacunku przestrzeni \u2014 miejsca, w kt\u00f3rym mo\u017cesz si\u0119 zatrzyma\u0107 i przyjrze\u0107 temu, co dla Ciebie wa\u017cne.<\/p>\n\n\n\n<div class=\"wp-block-buttons is-content-justification-center is-layout-flex wp-container-core-buttons-is-layout-a89b3969 wp-block-buttons-is-layout-flex\">\n<div class=\"wp-block-button is-style-outline is-style-outline--1\"><a class=\"wp-block-button__link has-text-color has-link-color wp-element-button\" href=\"#kontakt\" style=\"color:#2f5668\">Um\u00f3w konsultacj\u0119<\/a><\/div>\n<\/div>\n<\/div><\/div>\n\n\n\n<div class=\"wp-block-group alignfull has-background has-global-padding is-layout-constrained wp-block-group-is-layout-constrained\" style=\"background-color:#eaf1f7;margin-top:0px;margin-bottom:0px;padding-top:100px;padding-bottom:100px\">\n<h1 class=\"wp-block-heading has-text-align-center has-text-color has-link-color has-cormorant-garamond-font-family wp-elements-06861a0a403d700ef7367a8079557435\" style=\"color:#2f5668\">Dla kogo?<\/h1>\n\n\n\n<p class=\"has-text-color has-link-color wp-elements-38598c58229a4afbbc3f681968cc7bf2\" style=\"color:#2f5668\">Dla os\u00f3b, kt\u00f3re czuj\u0105, \u017ce co\u015b nie dzia\u0142a \u2014 cho\u0107 trudno to nazwa\u0107. Kt\u00f3re s\u0105 zm\u0119czone \u017cyciem w napi\u0119ciu, maj\u0105 trudno\u015bci w relacjach, blisko\u015bci lub seksualno\u015bci, albo chc\u0105 \u017cy\u0107 bardziej w zgodzie ze sob\u0105.<\/p>\n\n\n\n<blockquote class=\"wp-block-quote is-layout-flow wp-block-quote-is-layout-flow\">\n<p class=\"has-text-align-center is-style-default has-text-color has-link-color wp-elements-1207aee655c2c8d27a9a193b7cc9bf0c\" style=\"color:#2f5668\"><em>Pracuj\u0119 z doros\u0142ymi, kt\u00f3rzy chc\u0105 lepiej rozumie\u0107 siebie, swoje emocje, relacje i potrzeby.<\/em><\/p>\n<\/blockquote>\n<\/div>\n\n\n\n<div class=\"wp-block-group alignfull has-background has-global-padding is-layout-constrained wp-block-group-is-layout-constrained\" style=\"background-color:#f7f4ec;margin-top:0px;margin-bottom:0px;padding-top:100px;padding-bottom:100px\">\n<h1 class=\"wp-block-heading has-text-align-center has-text-color has-link-color has-cormorant-garamond-font-family wp-elements-5d60ec7feb86305cef1fb79aa0b9e7f7\" style=\"color:#2f5668\">Jak pracuj\u0119?<\/h1>\n\n\n\n<p class=\"has-text-color has-link-color wp-elements-1785e57e02fba2888da214f9a41bac51\" style=\"color:#2f5668\">W nurcie Gestalt \u2014 skupiam si\u0119 na tym, co dzieje si\u0119 tu i teraz: z Twoimi emocjami, cia\u0142em i my\u015blami. Pomagam odzyska\u0107 kontakt ze sob\u0105, stawia\u0107 granice i budowa\u0107 relacje oparte na zaufaniu. Nie oceniam i nie narzucam rozwi\u0105za\u0144 \u2014 Nie przychodzisz tu po gotowe odpowiedzi \u2014 przychodzisz, \u017ceby odnale\u017a\u0107 swoje.<\/p>\n\n\n\n<p class=\"has-text-align-center has-text-color has-link-color has-medium-font-size wp-elements-1b59713d4908adefe5d1c5985c2edb0b\" style=\"color:#a8bda7;letter-spacing:0.15em\">STACJONARNIE \u00b7 ONLINE<\/p>\n<\/div>\n\n\n\n<div class=\"wp-block-group alignfull has-background has-global-padding is-layout-constrained wp-block-group-is-layout-constrained\" style=\"background-color:#eaf1f7;margin-top:0px;margin-bottom:0px;padding-top:100px;padding-bottom:100px\">\n<p class=\"has-accent-2-color has-text-color has-link-color has-medium-font-size wp-elements-c03aab71fccca8e4f98a684d8ffb2a87\" style=\"letter-spacing:0.15em\">O MNIE<\/p>\n\n\n\n<div class=\"wp-block-media-text is-stacked-on-mobile is-vertically-aligned-top\" style=\"grid-template-columns:41% auto\"><figure class=\"wp-block-media-text__media\"><img loading=\"lazy\" decoding=\"async\" width=\"427\" height=\"640\" src=\"https:\/\/lena-marciniak.pl\/wp-content\/uploads\/2026\/04\/image02.png\" alt=\"\" class=\"wp-image-82 size-full\" srcset=\"https:\/\/lena-marciniak.pl\/wp-content\/uploads\/2026\/04\/image02.png 427w, https:\/\/lena-marciniak.pl\/wp-content\/uploads\/2026\/04\/image02-200x300.png 200w\" sizes=\"auto, (max-width: 427px) 100vw, 427px\" \/><\/figure><div class=\"wp-block-media-text__content\">\n<p class=\"has-accent-2-color has-text-color has-link-color has-medium-font-size wp-elements-20b6d99ed79d35e67402a1507807bafc\">Jestem psychoterapeutk\u0105 w trakcie szkolenia w nurcie Gestalt w\u00a0<a href=\"https:\/\/gestalt.edu.pl\/\" target=\"_blank\" rel=\"noreferrer noopener\">Instytucie Integralnej Psychoterapii Gestalt<\/a>, kt\u00f3ry jest o\u015brodkiem akredytowanym przez\u00a0<strong>Polskie Towarzystwo Psychologiczne oraz European Association for Gestalt Therapy (EAGT)<\/strong>. Moj\u0105 prac\u0119 jako psychoterapeutka poddaj\u0119\u00a0<strong>regularnej superwizji grupowej oraz indywidualnej<\/strong>\u00a0<strong>u certyfikowanych superwizor\u00f3w<\/strong>.<\/p>\n\n\n\n<p class=\"has-accent-2-color has-text-color has-link-color has-medium-font-size wp-elements-c5c2034c6dea60ec7c5423e4c6e1c41f\">Sama jestem w terapii od kilku lat. Wierz\u0119, \u017ce praca nad sob\u0105 to nie dodatek do tego zawodu \u2014 to jego fundament. Im g\u0142\u0119biej rozumiem siebie, tym lepiej rozumiem drugiego cz\u0142owieka. W swojej praktyce kieruj\u0119 si\u0119 Kodeksem Etyki Polskiego Towarzystwa Psychoterapii Gestalt.<\/p>\n<\/div><\/div>\n<\/div>\n\n\n\n<div class=\"wp-block-group alignfull has-accent-1-background-color has-background has-global-padding is-layout-constrained wp-block-group-is-layout-constrained\" id=\"kontakt\" style=\"margin-top:0px;margin-bottom:0px;padding-top:100px;padding-bottom:100px\">\n<h1 class=\"wp-block-heading has-text-align-center has-text-color has-link-color has-cormorant-garamond-font-family wp-elements-2b416b18dd73139ed517d3ab6c7e88f9\" style=\"color:#2f5668\">Kontakt<\/h1>\n\n\n\n<p class=\"has-text-align-center has-text-color has-link-color has-cormorant-garamond-font-family has-x-large-font-size wp-elements-615ebe6c81e2a9c04a5b419980537c43\" style=\"color:#2f5668\"><em>Je\u015bli czujesz, \u017ce to dobry moment, by zadba\u0107 o siebie \u2014 napisz.<\/em><\/p>\n\n\n\n<div class=\"wp-block-columns is-layout-flex wp-container-core-columns-is-layout-65eef5bf wp-block-columns-is-layout-flex\">\n<div class=\"wp-block-column is-layout-flow wp-block-column-is-layout-flow\"><div class='fluentform ff-default fluentform_wrapper_1 ffs_default_wrap'><form data-form_id=\"1\" id=\"fluentform_1\" class=\"frm-fluent-form fluent_form_1 ff-el-form-top ff_form_instance_1_1 ff-form-loading ffs_default\" data-form_instance=\"ff_form_instance_1_1\" method=\"POST\" ><fieldset  style=\"border: none!important;margin: 0!important;padding: 0!important;background-color: transparent!important;box-shadow: none!important;outline: none!important; min-inline-size: 100%;\">\n                    <legend class=\"ff_screen_reader_title\" style=\"display: block; margin: 0!important;padding: 0!important;height: 0!important;text-indent: -999999px;width: 0!important;overflow:hidden;\">Contact Form Demo<\/legend><input type='hidden' name='__fluent_form_embded_post_id' value='15' \/><input type=\"hidden\" id=\"_fluentform_1_fluentformnonce\" name=\"_fluentform_1_fluentformnonce\" value=\"7384d849dc\" \/><input type=\"hidden\" name=\"_wp_http_referer\" value=\"\/index.php?rest_route=%2Fwp%2Fv2%2Fpages%2F15\" \/><div class='ff-el-group'><div class=\"ff-el-input--label ff-el-is-required asterisk-right\"><label for='ff_1_email' id='label_ff_1_email' aria-label=\"Email\">Email<\/label><\/div><div class='ff-el-input--content'><input type=\"email\" name=\"email\" id=\"ff_1_email\" class=\"ff-el-form-control\" placeholder=\"Adres email\" data-name=\"email\"  aria-invalid=\"false\" aria-required=true><\/div><\/div><div class='ff-el-group'><div class=\"ff-el-input--label ff-el-is-required asterisk-right\"><label for='ff_1_message' id='label_ff_1_message' aria-label=\"Wiadomo\u015b\u0107\">Wiadomo\u015b\u0107<\/label><\/div><div class='ff-el-input--content'><textarea aria-required=\"true\" aria-labelledby=\"label_ff_1_message\" name=\"message\" id=\"ff_1_message\" class=\"ff-el-form-control\" placeholder=\"Tre\u015b\u0107 wiadomo\u015bci\" rows=\"4\" cols=\"2\" data-name=\"message\" ><\/textarea><\/div><\/div><div class='ff-el-group ff-text-left ff_submit_btn_wrapper'><button type=\"submit\" class=\"ff-btn ff-btn-submit ff-btn-md ff_btn_style\"  aria-label=\"Wy\u015blij\">Wy\u015blij<\/button><\/div><\/fieldset><\/form><div id='fluentform_1_errors' class='ff-errors-in-stack ff_form_instance_1_1 ff-form-loading_errors ff_form_instance_1_1_errors'><\/div><\/div>            <script type=\"text\/javascript\">\n                window.fluent_form_ff_form_instance_1_1 = {\"id\":\"1\",\"ajaxUrl\":\"https:\\\/\\\/lena-marciniak.pl\\\/wp-admin\\\/admin-ajax.php\",\"settings\":{\"layout\":{\"labelPlacement\":\"top\",\"helpMessagePlacement\":\"with_label\",\"errorMessagePlacement\":\"inline\",\"cssClassName\":\"\",\"asteriskPlacement\":\"asterisk-right\"},\"restrictions\":{\"denyEmptySubmission\":{\"enabled\":false}}},\"form_instance\":\"ff_form_instance_1_1\",\"form_id_selector\":\"fluentform_1\",\"rules\":{\"email\":{\"required\":{\"value\":true,\"message\":\"This field is required\",\"global\":false,\"global_message\":\"This field is required\"},\"email\":{\"value\":true,\"message\":\"This field must contain a valid email\",\"global\":false,\"global_message\":\"This field must contain a valid email\"}},\"message\":{\"required\":{\"value\":true,\"message\":\"This field is required\",\"global\":false,\"global_message\":\"This field is required\"}}},\"debounce_time\":300};\n                            <\/script>\n            \n<\/div>\n\n\n\n<div class=\"wp-block-column has-accent-2-color has-text-color has-link-color wp-elements-3299370d481901510f34b94b82df8030 is-layout-flow wp-block-column-is-layout-flow\">\n<div class=\"wp-block-group is-nowrap is-layout-flex wp-container-core-group-is-layout-6c531013 wp-block-group-is-layout-flex\">\n<figure class=\"wp-block-image size-full\"><img loading=\"lazy\" decoding=\"async\" width=\"40\" height=\"38\" src=\"https:\/\/lena-marciniak.pl\/wp-content\/uploads\/2026\/04\/phone.png\" alt=\"\" class=\"wp-image-98\"\/><\/figure>\n\n\n\n<p><a href=\"tel:501385027\">501 385 027<\/a><\/p>\n<\/div>\n\n\n\n<div class=\"wp-block-group is-nowrap is-layout-flex wp-container-core-group-is-layout-6c531013 wp-block-group-is-layout-flex\">\n<figure class=\"wp-block-image size-full\"><img loading=\"lazy\" decoding=\"async\" width=\"48\" height=\"48\" src=\"https:\/\/lena-marciniak.pl\/wp-content\/uploads\/2026\/04\/mail.png\" alt=\"\" class=\"wp-image-99\"\/><\/figure>\n\n\n\n<p><a href=\"mailto:lena.marciniak@hotmail.com\">lena.marciniak@hotmail.com<\/a><\/p>\n<\/div>\n<\/div>\n<\/div>\n<\/div>\n","protected":false},"excerpt":{"rendered":"<p>Dla kogo? Dla os\u00f3b, kt\u00f3re czuj\u0105, \u017ce co\u015b nie dzia\u0142a \u2014 cho\u0107 trudno to nazwa\u0107. Kt\u00f3re s\u0105 zm\u0119czone \u017cyciem w napi\u0119ciu, maj\u0105 trudno\u015bci w relacjach, blisko\u015bci lub seksualno\u015bci, albo chc\u0105 \u017cy\u0107 bardziej w zgodzie ze sob\u0105. Pracuj\u0119 z doros\u0142ymi, kt\u00f3rzy chc\u0105 lepiej rozumie\u0107 siebie, swoje emocje, relacje i potrzeby. Jak pracuj\u0119? W nurcie Gestalt \u2014 [&hellip;]<\/p>\n","protected":false},"author":1,"featured_media":0,"parent":0,"menu_order":0,"comment_status":"closed","ping_status":"closed","template":"","meta":{"footnotes":""},"class_list":["post-15","page","type-page","status-publish","hentry"],"_links":{"self":[{"href":"https:\/\/lena-marciniak.pl\/index.php?rest_route=\/wp\/v2\/pages\/15","targetHints":{"allow":["GET"]}}],"collection":[{"href":"https:\/\/lena-marciniak.pl\/index.php?rest_route=\/wp\/v2\/pages"}],"about":[{"href":"https:\/\/lena-marciniak.pl\/index.php?rest_route=\/wp\/v2\/types\/page"}],"author":[{"embeddable":true,"href":"https:\/\/lena-marciniak.pl\/index.php?rest_route=\/wp\/v2\/users\/1"}],"replies":[{"embeddable":true,"href":"https:\/\/lena-marciniak.pl\/index.php?rest_route=%2Fwp%2Fv2%2Fcomments&post=15"}],"version-history":[{"count":33,"href":"https:\/\/lena-marciniak.pl\/index.php?rest_route=\/wp\/v2\/pages\/15\/revisions"}],"predecessor-version":[{"id":102,"href":"https:\/\/lena-marciniak.pl\/index.php?rest_route=\/wp\/v2\/pages\/15\/revisions\/102"}],"wp:attachment":[{"href":"https:\/\/lena-marciniak.pl\/index.php?rest_route=%2Fwp%2Fv2%2Fmedia&parent=15"}],"curies":[{"name":"wp","href":"https:\/\/api.w.org\/{rel}","templated":true}]}}